{"id":1015,"date":"2020-11-25T12:40:46","date_gmt":"2020-11-25T12:40:46","guid":{"rendered":"https:\/\/wordpress-486734-1610623.cloudwaysapps.com\/?page_id=1015"},"modified":"2025-05-05T13:02:41","modified_gmt":"2025-05-05T13:02:41","slug":"home","status":"publish","type":"page","link":"https:\/\/affiliate-mentorprogram.hu\/","title":{"rendered":"F\u0151oldal"},"content":{"rendered":"<style>.kb-row-layout-id1015_71f4c9-e1 > .kt-row-column-wrap{align-content:center;}:where(.kb-row-layout-id1015_71f4c9-e1 > .kt-row-column-wrap) > .wp-block-kadence-column{justify-content:center;}.kb-row-layout-id1015_71f4c9-e1 > .kt-row-column-wrap{column-gap:80px;row-gap:var(--global-kb-gap-md, 2rem);max-width:1242px;margin-left:auto;margin-right:auto;padding-top:30px;padding-right:0px;padding-bottom:0px;padding-left:0px;grid-template-columns:repeat(2, minmax(0, 1fr));}.kb-row-layout-id1015_71f4c9-e1 > .kt-row-layout-overlay{opacity:1;background:linear-gradient(230deg, var(--global-palette8) 0%, var(--global-palette9) 100%);}.kb-row-layout-id1015_71f4c9-e1 .kt-row-layout-bottom-sep{height:70px;}.kb-row-layout-id1015_71f4c9-e1 .kt-row-layout-bottom-sep svg{width:100%;}.kb-row-layout-id1015_71f4c9-e1 .kt-row-layout-bottom-sep svg{fill:var(--global-palette9, #ffffff)!important;}.kb-row-layout-id1015_71f4c9-e1 .kt-row-layout-top-sep{height:100px;}.kb-row-layout-id1015_71f4c9-e1 .kt-row-layout-top-sep svg{width:200%;}.kb-row-layout-id1015_71f4c9-e1 .kt-row-layout-top-sep svg{fill:#643535!important;}@media all and (max-width: 1024px){.kb-row-layout-id1015_71f4c9-e1 > .kt-row-column-wrap{padding-top:150px;grid-template-columns:minmax(0, 1fr);}}@media all and (max-width: 1024px){.kb-row-layout-id1015_71f4c9-e1 .kt-row-layout-bottom-sep{height:px;}}@media all and (max-width: 1024px){.kb-row-layout-id1015_71f4c9-e1 .kt-row-layout-bottom-sep svg{width:%;}}@media all and (max-width: 767px){.kb-row-layout-id1015_71f4c9-e1 > .kt-row-column-wrap{padding-top:120px;grid-template-columns:minmax(0, 1fr);}.kb-row-layout-id1015_71f4c9-e1 .kt-row-layout-bottom-sep{height:px;}.kb-row-layout-id1015_71f4c9-e1 .kt-row-layout-bottom-sep svg{width:%;}}<\/style><div class=\"kb-row-layout-wrap kb-row-layout-id1015_71f4c9-e1 alignwide kt-row-has-bg wp-block-kadence-rowlayout\"><div class=\"kt-row-layout-overlay kt-row-overlay-gradient\"><\/div><div class=\"kt-row-layout-bottom-sep kt-row-sep-type-sltl\"><svg viewBox=\"0 0 1000 100\" preserveAspectRatio=\"none\"><path d=\"M1000,0l-1000,100l1000,0l0,-100Z\" \/><\/svg><\/div><div class=\"kt-row-column-wrap kt-has-2-columns kt-row-layout-equal kt-tab-layout-row kt-mobile-layout-row kt-row-valign-middle kt-inner-column-height-full\">\n<style>.kadence-column1015_3965b0-01 > .kt-inside-inner-col,.kadence-column1015_3965b0-01 > .kt-inside-inner-col:before{border-top-left-radius:0px;border-top-right-radius:0px;border-bottom-right-radius:0px;border-bottom-left-radius:0px;}.kadence-column1015_3965b0-01 > .kt-inside-inner-col:before{opacity:0.3;}.kadence-column1015_3965b0-01{position:relative;}<\/style>\n<div class=\"wp-block-kadence-column kadence-column1015_3965b0-01 inner-column-1\"><div class=\"kt-inside-inner-col\"><style>.wp-block-kadence-advancedheading.kt-adv-heading1015_06650d-2b, .wp-block-kadence-advancedheading.kt-adv-heading1015_06650d-2b[data-kb-block=\"kb-adv-heading1015_06650d-2b\"]{text-align:center;font-size:15px;line-height:55px;font-weight:normal;font-style:normal;}.wp-block-kadence-advancedheading.kt-adv-heading1015_06650d-2b mark, .wp-block-kadence-advancedheading.kt-adv-heading1015_06650d-2b[data-kb-block=\"kb-adv-heading1015_06650d-2b\"] mark{font-weight:normal;font-style:normal;color:#f76a0c;padding-top:0px;padding-right:0px;padding-bottom:0px;padding-left:0px;}<\/style>\n<h6 class=\"kt-adv-heading1015_06650d-2b wp-block-kadence-advancedheading\" data-kb-block=\"kb-adv-heading1015_06650d-2b\"><strong>DANIEL&amp;BENCE AFFILIATE<\/strong> <\/h6>\n\n\n<style>.wp-block-kadence-advancedheading.kt-adv-heading1015_0a94a2-ae, .wp-block-kadence-advancedheading.kt-adv-heading1015_0a94a2-ae[data-kb-block=\"kb-adv-heading1015_0a94a2-ae\"]{text-align:center;font-size:60px;line-height:1em;font-weight:normal;font-style:normal;}.wp-block-kadence-advancedheading.kt-adv-heading1015_0a94a2-ae mark, .wp-block-kadence-advancedheading.kt-adv-heading1015_0a94a2-ae[data-kb-block=\"kb-adv-heading1015_0a94a2-ae\"] mark{font-weight:normal;font-style:normal;color:#f76a0c;padding-top:0px;padding-right:0px;padding-bottom:0px;padding-left:0px;}@media all and (max-width: 1024px){.wp-block-kadence-advancedheading.kt-adv-heading1015_0a94a2-ae, .wp-block-kadence-advancedheading.kt-adv-heading1015_0a94a2-ae[data-kb-block=\"kb-adv-heading1015_0a94a2-ae\"]{font-size:50px;}}@media all and (max-width: 767px){.wp-block-kadence-advancedheading.kt-adv-heading1015_0a94a2-ae, .wp-block-kadence-advancedheading.kt-adv-heading1015_0a94a2-ae[data-kb-block=\"kb-adv-heading1015_0a94a2-ae\"]{font-size:40px;}}<\/style>\n<h1 class=\"kt-adv-heading1015_0a94a2-ae wp-block-kadence-advancedheading has-theme-palette-3-color has-text-color\" data-kb-block=\"kb-adv-heading1015_0a94a2-ae\">Amit az Affiliate v\u00e1llalkoz\u00e1sok-r\u00f3l \u00e9s Marketingr\u0151l nem tan\u00edtanak<\/h1>\n\n\n<style>.wp-block-kadence-advancedheading.kt-adv-heading1015_0f35e3-72, .wp-block-kadence-advancedheading.kt-adv-heading1015_0f35e3-72[data-kb-block=\"kb-adv-heading1015_0f35e3-72\"]{text-align:center;font-weight:normal;font-style:normal;}.wp-block-kadence-advancedheading.kt-adv-heading1015_0f35e3-72 mark, .wp-block-kadence-advancedheading.kt-adv-heading1015_0f35e3-72[data-kb-block=\"kb-adv-heading1015_0f35e3-72\"] mark{font-weight:normal;font-style:normal;color:#f76a0c;padding-top:0px;padding-right:0px;padding-bottom:0px;padding-left:0px;}<\/style>\n<p class=\"kt-adv-heading1015_0f35e3-72 wp-block-kadence-advancedheading\" data-kb-block=\"kb-adv-heading1015_0f35e3-72\">INNOVAT\u00cdV \u00c9S PIACDOMIN\u00c1L\u00d3 MAGYAR ONLINE AFFILIATE ONLINE C\u00c9GEKET \u00c9P\u00cdT\u00dcNK VAGY AFFILIATE MARKETINGET IKTATUNK BELE A MEGL\u00c9V\u0150 V\u00c1LLALKOZ\u00c1SODBA. <\/p>\n\n\n<style>.wp-block-kadence-advancedbtn.kb-btns1015_c9e50b-fc{gap:var(--global-kb-gap-xs, 0.5rem );justify-content:flex-start;align-items:center;}.kt-btns1015_c9e50b-fc .kt-button{font-weight:normal;font-style:normal;}@media all and (max-width: 1024px){.wp-block-kadence-advancedbtn.kb-btns1015_c9e50b-fc{justify-content:center;}}@media all and (max-width: 767px){.wp-block-kadence-advancedbtn.kb-btns1015_c9e50b-fc{justify-content:center;}}<\/style>\n<div class=\"wp-block-kadence-advancedbtn kb-buttons-wrap kb-btns1015_c9e50b-fc\"><style>ul.menu .wp-block-kadence-advancedbtn .kb-btn1015_9c30c0-89.kb-button{width:initial;}.wp-block-kadence-advancedbtn .kb-btn1015_9c30c0-89.kb-button{color:var(--global-palette9, #ffffff);background:var(--global-palette1, #3182CE);font-style:normal;font-weight:normal;font-size:15px;border-top-left-radius:8px;border-top-right-radius:8px;border-bottom-right-radius:8px;border-bottom-left-radius:8px;border-top:0px solid rgba(85, 85, 85, 0);border-right:0px solid rgba(85, 85, 85, 0);border-bottom:0px solid rgba(85, 85, 85, 0);border-left:0px solid rgba(85, 85, 85, 0);padding-top:14px;padding-right:30px;padding-bottom:14px;padding-left:30px;}.wp-block-kadence-advancedbtn .kb-btn1015_9c30c0-89.kb-button:hover{color:#ffffff;background:var(--global-palette2, #2B6CB0);border-top-color:rgba(68, 68, 68, 0.02);border-top-style:solid;border-right-color:rgba(68, 68, 68, 0.02);border-right-style:solid;border-bottom-color:rgba(68, 68, 68, 0.02);border-bottom-style:solid;border-left-color:rgba(68, 68, 68, 0.02);border-left-style:solid;}@media all and (max-width: 1024px){.wp-block-kadence-advancedbtn .kb-btn1015_9c30c0-89.kb-button{border-top:0px solid rgba(85, 85, 85, 0);border-right:0px solid rgba(85, 85, 85, 0);border-bottom:0px solid rgba(85, 85, 85, 0);border-left:0px solid rgba(85, 85, 85, 0);}}@media all and (max-width: 1024px){.wp-block-kadence-advancedbtn .kb-btn1015_9c30c0-89.kb-button:hover{border-top-color:rgba(68, 68, 68, 0.02);border-top-style:solid;border-right-color:rgba(68, 68, 68, 0.02);border-right-style:solid;border-bottom-color:rgba(68, 68, 68, 0.02);border-bottom-style:solid;border-left-color:rgba(68, 68, 68, 0.02);border-left-style:solid;}}@media all and (max-width: 767px){.wp-block-kadence-advancedbtn .kb-btn1015_9c30c0-89.kb-button{border-top:0px solid rgba(85, 85, 85, 0);border-right:0px solid rgba(85, 85, 85, 0);border-bottom:0px solid rgba(85, 85, 85, 0);border-left:0px solid rgba(85, 85, 85, 0);}.wp-block-kadence-advancedbtn .kb-btn1015_9c30c0-89.kb-button:hover{border-top-color:rgba(68, 68, 68, 0.02);border-top-style:solid;border-right-color:rgba(68, 68, 68, 0.02);border-right-style:solid;border-bottom-color:rgba(68, 68, 68, 0.02);border-bottom-style:solid;border-left-color:rgba(68, 68, 68, 0.02);border-left-style:solid;}}<\/style><a class=\"kb-button kt-button button kb-btn1015_9c30c0-89 kt-btn-size-standard kt-btn-width-type-auto kb-btn-global-fill kt-btn-has-text-true kt-btn-has-svg-false wp-block-kadence-singlebtn\" href=\"https:\/\/www.daniel-bence.com\/3048141c\"><span class=\"kt-btn-inner-text\">Tov\u00e1bbi Inform\u00e1ci\u00f3<\/span><\/a><\/div>\n<\/div><\/div>\n\n\n<style>.kadence-column1015_13b6c8-f8 > .kt-inside-inner-col,.kadence-column1015_13b6c8-f8 > .kt-inside-inner-col:before{border-top-left-radius:0px;border-top-right-radius:0px;border-bottom-right-radius:0px;border-bottom-left-radius:0px;}.kadence-column1015_13b6c8-f8 > .kt-inside-inner-col:before{opacity:0.3;}.kadence-column1015_13b6c8-f8{position:relative;}<\/style>\n<div class=\"wp-block-kadence-column kadence-column1015_13b6c8-f8 inner-column-2\"><div class=\"kt-inside-inner-col\"><style>.kb-row-layout-wrap.wp-block-kadence-rowlayout.kb-row-layout-id1015_7054f7-60{margin-top:60%;margin-bottom:-100%;}.kb-row-layout-id1015_7054f7-60 > .kt-row-column-wrap{align-content:start;}:where(.kb-row-layout-id1015_7054f7-60 > .kt-row-column-wrap) > .wp-block-kadence-column{justify-content:start;}.kb-row-layout-id1015_7054f7-60 > .kt-row-column-wrap{column-gap:var(--global-kb-gap-none, 0 );row-gap:var(--global-kb-gap-md, 2rem);max-width:380px;margin-left:auto;margin-right:auto;padding-top:0px;padding-right:0px;padding-bottom:0px;padding-left:0px;grid-template-columns:minmax(0, 75%) minmax(0, 25%);}.kb-row-layout-id1015_7054f7-60 > .kt-row-layout-overlay{opacity:0.30;}.kb-row-layout-id1015_7054f7-60{z-index:12;position:relative;}@media all and (max-width: 1024px){.kb-row-layout-id1015_7054f7-60 > .kt-row-column-wrap{grid-template-columns:repeat(2, minmax(0, 1fr));}}@media all and (max-width: 767px){.kb-row-layout-wrap.wp-block-kadence-rowlayout.kb-row-layout-id1015_7054f7-60{margin-top:1%;margin-bottom:1%;}.kb-row-layout-id1015_7054f7-60 > .kt-row-column-wrap{grid-template-columns:minmax(0, 1fr);}}<\/style><div class=\"kb-row-layout-wrap kb-row-layout-id1015_7054f7-60 alignnone wp-block-kadence-rowlayout\"><div class=\"kt-row-column-wrap kt-has-2-columns kt-row-layout-equal kt-tab-layout-inherit kt-mobile-layout-row kt-row-valign-top\">\n<style>.kadence-column1015_36e8df-db, .kt-inside-inner-col > .kadence-column1015_36e8df-db:not(.specificity){margin-top:50px;margin-right:135px;margin-bottom:0px;margin-left:-135px;}.kadence-column1015_36e8df-db > .kt-inside-inner-col{box-shadow:0px 0px 6px 0px rgba(0, 0, 0, 0.2);}.kadence-column1015_36e8df-db > .kt-inside-inner-col,.kadence-column1015_36e8df-db > .kt-inside-inner-col:before{border-top-left-radius:8px;border-top-right-radius:8px;border-bottom-right-radius:8px;border-bottom-left-radius:8px;}.kadence-column1015_36e8df-db > .kt-inside-inner-col{background-color:var(--global-palette9, #ffffff);}.kadence-column1015_36e8df-db > .kt-inside-inner-col:before{opacity:0.3;}.kadence-column1015_36e8df-db{position:relative;}@media all and (max-width: 1024px){.kadence-column1015_36e8df-db, .kt-inside-inner-col > .kadence-column1015_36e8df-db:not(.specificity){margin-right:0px;margin-left:0px;}}@media all and (max-width: 1024px){.kadence-column1015_36e8df-db > .kt-inside-inner-col{padding-top:20px;}}@media all and (max-width: 767px){.kadence-column1015_36e8df-db, .kt-inside-inner-col > .kadence-column1015_36e8df-db:not(.specificity){margin-top:1px;margin-right:30px;margin-bottom:1px;margin-left:30px;}}<\/style>\n<div class=\"wp-block-kadence-column kadence-column1015_36e8df-db\"><div class=\"kt-inside-inner-col\"><style>.kb-row-layout-wrap.wp-block-kadence-rowlayout.kb-row-layout-id1015_4772ff-98{margin-top:0px;margin-bottom:0px;}.kb-row-layout-id1015_4772ff-98 > .kt-row-column-wrap{align-content:start;}:where(.kb-row-layout-id1015_4772ff-98 > .kt-row-column-wrap) > .wp-block-kadence-column{justify-content:start;}.kb-row-layout-id1015_4772ff-98 > .kt-row-column-wrap{column-gap:var(--global-kb-gap-md, 2rem);row-gap:var(--global-kb-gap-md, 2rem);padding-top:20px;padding-right:40px;padding-bottom:20px;padding-left:40px;grid-template-columns:minmax(0, 1fr);}.kb-row-layout-id1015_4772ff-98 > .kt-row-layout-overlay{opacity:0.30;}@media all and (max-width: 1024px){.kb-row-layout-id1015_4772ff-98 > .kt-row-column-wrap{grid-template-columns:minmax(0, 1fr);}}@media all and (max-width: 767px){.kb-row-layout-id1015_4772ff-98 > .kt-row-column-wrap{grid-template-columns:minmax(0, 1fr);}}<\/style><div class=\"kb-row-layout-wrap kb-row-layout-id1015_4772ff-98 alignnone wp-block-kadence-rowlayout\"><div class=\"kt-row-column-wrap kt-has-1-columns kt-row-layout-equal kt-tab-layout-inherit kt-mobile-layout-row kt-row-valign-top\">\n<style>.kadence-column1015_73332f-a5 > .kt-inside-inner-col,.kadence-column1015_73332f-a5 > .kt-inside-inner-col:before{border-top-left-radius:0px;border-top-right-radius:0px;border-bottom-right-radius:0px;border-bottom-left-radius:0px;}.kadence-column1015_73332f-a5 > .kt-inside-inner-col:before{opacity:0.3;}.kadence-column1015_73332f-a5{position:relative;}<\/style>\n<div class=\"wp-block-kadence-column kadence-column1015_73332f-a5 inner-column-1\"><div class=\"kt-inside-inner-col\"><style>.wp-block-kadence-advancedheading.kt-adv-heading1015_89b21e-cb, .wp-block-kadence-advancedheading.kt-adv-heading1015_89b21e-cb[data-kb-block=\"kb-adv-heading1015_89b21e-cb\"]{margin-top:5px;font-weight:normal;font-style:normal;}.wp-block-kadence-advancedheading.kt-adv-heading1015_89b21e-cb mark, .wp-block-kadence-advancedheading.kt-adv-heading1015_89b21e-cb[data-kb-block=\"kb-adv-heading1015_89b21e-cb\"] mark{font-weight:normal;font-style:normal;color:#f76a0c;padding-top:0px;padding-right:0px;padding-bottom:0px;padding-left:0px;}<\/style>\n<h6 class=\"kt-adv-heading1015_89b21e-cb wp-block-kadence-advancedheading\" data-kb-block=\"kb-adv-heading1015_89b21e-cb\">AFFILIATE &amp; business<\/h6>\n\n\n<style>.wp-block-kadence-advancedheading.kt-adv-heading1015_368825-4d, .wp-block-kadence-advancedheading.kt-adv-heading1015_368825-4d[data-kb-block=\"kb-adv-heading1015_368825-4d\"]{margin-top:-5px;margin-bottom:5px;font-weight:normal;font-style:normal;}.wp-block-kadence-advancedheading.kt-adv-heading1015_368825-4d mark, .wp-block-kadence-advancedheading.kt-adv-heading1015_368825-4d[data-kb-block=\"kb-adv-heading1015_368825-4d\"] mark{font-weight:normal;font-style:normal;color:#f76a0c;padding-top:0px;padding-right:0px;padding-bottom:0px;padding-left:0px;}<\/style>\n<h4 class=\"kt-adv-heading1015_368825-4d wp-block-kadence-advancedheading\" data-kb-block=\"kb-adv-heading1015_368825-4d\">Mentorprogram<\/h4>\n<\/div><\/div>\n\n<\/div><\/div><\/div><\/div>\n\n\n<style>.kadence-column1015_b93497-87, .kt-inside-inner-col > .kadence-column1015_b93497-87:not(.specificity){margin-top:30px;margin-right:200px;margin-left:-175px;}.kadence-column1015_b93497-87 > .kt-inside-inner-col,.kadence-column1015_b93497-87 > .kt-inside-inner-col:before{border-top-left-radius:0px;border-top-right-radius:0px;border-bottom-right-radius:0px;border-bottom-left-radius:0px;}.kadence-column1015_b93497-87 > .kt-inside-inner-col:before{opacity:0.3;}.kadence-column1015_b93497-87{position:relative;}<\/style>\n<div class=\"wp-block-kadence-column kadence-column1015_b93497-87 kvs-sm-false inner-column-2\"><div class=\"kt-inside-inner-col\"><style>.wp-block-kadence-icon.kt-svg-icons1015_c78aa6-a6{justify-content:center;}<\/style>\n<div class=\"wp-block-kadence-icon kt-svg-icons kt-svg-icons1015_c78aa6-a6 alignnone\"><style>.kt-svg-item-1015_0a8a03-e1 .kb-svg-icon-wrap{color:var(--global-palette9, #ffffff);font-size:20px;background:var(--global-palette1, #3182CE);border-color:var(--global-palette1, #3182CE);border-width:4px;border-radius:50%;padding-top:10px;padding-right:10px;padding-bottom:10px;padding-left:10px;}<\/style>\n<div class=\"wp-block-kadence-single-icon kt-svg-style-stacked kt-svg-icon-wrap kt-svg-item-1015_0a8a03-e1\"><span class=\"kb-svg-icon-wrap kb-svg-icon-fas_check\"><svg viewBox=\"0 0 512 512\"  fill=\"currentColor\" xmlns=\"http:\/\/www.w3.org\/2000\/svg\" ><path d=\"M173.898 439.404l-166.4-166.4c-9.997-9.997-9.997-26.206 0-36.204l36.203-36.204c9.997-9.998 26.207-9.998 36.204 0L192 312.69 432.095 72.596c9.997-9.997 26.207-9.997 36.204 0l36.203 36.204c9.997 9.997 9.997 26.206 0 36.204l-294.4 294.401c-9.998 9.997-26.207 9.997-36.204-.001z\"\/><\/svg><\/span><\/div>\n<\/div>\n<\/div><\/div>\n\n<\/div><\/div>\n\n\n<figure class=\"wp-block-gallery has-nested-images columns-1 is-cropped wp-block-gallery-1 is-layout-flex wp-block-gallery-is-layout-flex\">\n<figure class=\"wp-block-image size-large\"><img decoding=\"async\" src=\"https:\/\/d1yei2z3i6k35z.cloudfront.net\/5490541\/653a5dd78ff64_photo_5827739904904380553_y.jpg\" alt=\"\"\/><\/figure>\n<\/figure>\n<\/div><\/div>\n\n<\/div><\/div>\n\n<style>.kb-row-layout-id1015_9fc947-50 > .kt-row-column-wrap{align-content:center;}:where(.kb-row-layout-id1015_9fc947-50 > .kt-row-column-wrap) > .wp-block-kadence-column{justify-content:center;}.kb-row-layout-id1015_9fc947-50 > .kt-row-column-wrap{column-gap:var(--global-kb-gap-md, 2rem);row-gap:var(--global-kb-gap-md, 2rem);max-width:1242px;margin-left:auto;margin-right:auto;padding-top:100px;padding-bottom:25px;grid-template-columns:minmax(0, 60%) minmax(0, 40%);}.kb-row-layout-id1015_9fc947-50 > .kt-row-layout-overlay{opacity:0.30;}.kb-row-layout-id1015_9fc947-50 .kt-row-layout-bottom-sep{height:100px;}.kb-row-layout-id1015_9fc947-50 .kt-row-layout-bottom-sep svg{width:100%;}.kb-row-layout-id1015_9fc947-50 .kt-row-layout-bottom-sep svg{fill:#ffffff!important;}.kb-row-layout-id1015_9fc947-50 .kt-row-layout-top-sep{height:100px;}.kb-row-layout-id1015_9fc947-50 .kt-row-layout-top-sep svg{fill:#ffffff!important;}@media all and (max-width: 1024px){.kb-row-layout-id1015_9fc947-50 > .kt-row-column-wrap{padding-top:30px;padding-right:40px;padding-left:40px;grid-template-columns:minmax(0, 1fr);}}@media all and (max-width: 1024px){.kb-row-layout-id1015_9fc947-50 .kt-row-layout-bottom-sep{height:px;}}@media all and (max-width: 1024px){.kb-row-layout-id1015_9fc947-50 .kt-row-layout-bottom-sep svg{width:%;}}@media all and (max-width: 767px){.kb-row-layout-id1015_9fc947-50 > .kt-row-column-wrap{padding-right:20px;padding-left:20px;grid-template-columns:minmax(0, 1fr);}.kb-row-layout-id1015_9fc947-50 .kt-row-layout-bottom-sep{height:px;}.kb-row-layout-id1015_9fc947-50 .kt-row-layout-bottom-sep svg{width:%;}}<\/style><div class=\"kb-row-layout-wrap kb-row-layout-id1015_9fc947-50 alignwide wp-block-kadence-rowlayout\"><div class=\"kt-row-column-wrap kt-has-2-columns kt-row-layout-left-golden kt-tab-layout-row kt-mobile-layout-row kt-row-valign-middle\">\n<style>.kadence-column1015_b4f3d8-3b, .kt-inside-inner-col > .kadence-column1015_b4f3d8-3b:not(.specificity){margin-right:70px;}.kadence-column1015_b4f3d8-3b > .kt-inside-inner-col,.kadence-column1015_b4f3d8-3b > .kt-inside-inner-col:before{border-top-left-radius:0px;border-top-right-radius:0px;border-bottom-right-radius:0px;border-bottom-left-radius:0px;}.kadence-column1015_b4f3d8-3b > .kt-inside-inner-col:before{opacity:0.3;}.kadence-column1015_b4f3d8-3b{position:relative;}@media all and (max-width: 1024px){.kadence-column1015_b4f3d8-3b, .kt-inside-inner-col > .kadence-column1015_b4f3d8-3b:not(.specificity){margin-right:1px;}}@media all and (max-width: 1024px){.kadence-column1015_b4f3d8-3b > .kt-inside-inner-col{padding-right:0px;}}@media all and (max-width: 767px){.kadence-column1015_b4f3d8-3b, .kt-inside-inner-col > .kadence-column1015_b4f3d8-3b:not(.specificity){margin-right:1px;}.kadence-column1015_b4f3d8-3b > .kt-inside-inner-col{padding-right:0px;}}<\/style>\n<div class=\"wp-block-kadence-column kadence-column1015_b4f3d8-3b inner-column-1\"><div class=\"kt-inside-inner-col\">\n<figure class=\"wp-block-image size-large\"><img decoding=\"async\" src=\"https:\/\/d1yei2z3i6k35z.cloudfront.net\/5490541\/654435f2715f2_IMG_E1695.JPG\" alt=\"\"\/><\/figure>\n<\/div><\/div>\n\n\n<style>.kadence-column1015_4c4ea0-5c > .kt-inside-inner-col,.kadence-column1015_4c4ea0-5c > .kt-inside-inner-col:before{border-top-left-radius:0px;border-top-right-radius:0px;border-bottom-right-radius:0px;border-bottom-left-radius:0px;}.kadence-column1015_4c4ea0-5c > .kt-inside-inner-col:before{opacity:0.3;}.kadence-column1015_4c4ea0-5c{text-align:left;}.kadence-column1015_4c4ea0-5c{position:relative;}<\/style>\n<div class=\"wp-block-kadence-column kadence-column1015_4c4ea0-5c inner-column-2\"><div class=\"kt-inside-inner-col\"><style>.wp-block-kadence-advancedheading.kt-adv-heading1015_1a7a8b-6a, .wp-block-kadence-advancedheading.kt-adv-heading1015_1a7a8b-6a[data-kb-block=\"kb-adv-heading1015_1a7a8b-6a\"]{text-align:center;font-size:30px;line-height:30px;font-weight:normal;font-style:normal;}.wp-block-kadence-advancedheading.kt-adv-heading1015_1a7a8b-6a mark, .wp-block-kadence-advancedheading.kt-adv-heading1015_1a7a8b-6a[data-kb-block=\"kb-adv-heading1015_1a7a8b-6a\"] mark{font-weight:normal;font-style:normal;color:#f76a0c;padding-top:0px;padding-right:0px;padding-bottom:0px;padding-left:0px;}<\/style>\n<h2 class=\"kt-adv-heading1015_1a7a8b-6a wp-block-kadence-advancedheading\" data-kb-block=\"kb-adv-heading1015_1a7a8b-6a\"><strong>Affiliate V\u00e1llalkoz\u00e1s?<\/strong><\/h2>\n\n\n\n<p>T\u00f6bbet szeretn\u00e9l tudni az online vil\u00e1g folyamatair\u00f3l? \u00c9rdekel az Affiliate Marketing \u00e9s Online V\u00e1llalkoz\u00e1sok vil\u00e1ga, de sose volt alkalmad m\u00e9lyre \u00e1sni magad benne? Szeretn\u00e9d megismerni a k\u00fcl\u00f6nb\u00f6z\u0151 affiliate piaci lehet\u0151s\u00e9geket, mint p\u00e9ld\u00e1ul:<\/p>\n\n\n\n<p class=\"has-text-align-center\"><strong>HOGYAN \u00c9P\u00cdTSD FEL ELS\u0150 ONLINE V\u00c1LLALKOZ\u00c1SOD AZ AFFILIATE MARKETINGEN KERESZT\u00dcL?<\/strong><\/p>\n\n\n\n<p>Mi pontosan ezekre a k\u00e9rd\u00e9sekre ny\u00fajtunk megold\u00e1st. Olyan tud\u00e1st szeretn\u00e9nk \u00e1tadni nektek, amely megtiszt\u00edtja a Affiliate V\u00e1llalkoz\u00e1s vil\u00e1gr\u00f3l kialak\u00edtott k\u00e9peteket, hogy a lehet\u0151 legjobban tudj\u00e1tok felhaszn\u00e1lni azt a vil\u00e1gban. <\/p>\n<\/div><\/div>\n\n<\/div><\/div>","protected":false},"excerpt":{"rendered":"<p>DANIEL&amp;BENCE AFFILIATE Amit az Affiliate v\u00e1llalkoz\u00e1sok-r\u00f3l \u00e9s Marketingr\u0151l nem tan\u00edtanak INNOVAT\u00cdV \u00c9S PIACDOMIN\u00c1L\u00d3 MAGYAR ONLINE AFFILIATE ONLINE C\u00c9GEKET \u00c9P\u00cdT\u00dcNK VAGY AFFILIATE MARKETINGET IKTATUNK BELE A MEGL\u00c9V\u0150 V\u00c1LLALKOZ\u00c1SODBA. AFFILIATE &amp; business Mentorprogram Affiliate V\u00e1llalkoz\u00e1s? T\u00f6bbet szeretn\u00e9l tudni az online vil\u00e1g folyamatair\u00f3l? \u00c9rdekel az Affiliate Marketing \u00e9s Online V\u00e1llalkoz\u00e1sok vil\u00e1ga, de sose volt alkalmad m\u00e9lyre \u00e1sni magad&#8230;<\/p>\n","protected":false},"author":2,"featured_media":2122,"parent":0,"menu_order":0,"comment_status":"closed","ping_status":"closed","template":"","meta":{"_kad_post_transparent":"enable","_kad_post_title":"hide","_kad_post_layout":"fullwidth","_kad_post_sidebar_id":"","_kad_post_content_style":"unboxed","_kad_post_vertical_padding":"hide","_kad_post_feature":"hide","_kad_post_feature_position":"","_kad_post_header":false,"_kad_post_footer":false,"footnotes":""},"class_list":["post-1015","page","type-page","status-publish","has-post-thumbnail","hentry"],"_links":{"self":[{"href":"https:\/\/affiliate-mentorprogram.hu\/index.php\/wp-json\/wp\/v2\/pages\/1015","targetHints":{"allow":["GET"]}}],"collection":[{"href":"https:\/\/affiliate-mentorprogram.hu\/index.php\/wp-json\/wp\/v2\/pages"}],"about":[{"href":"https:\/\/affiliate-mentorprogram.hu\/index.php\/wp-json\/wp\/v2\/types\/page"}],"author":[{"embeddable":true,"href":"https:\/\/affiliate-mentorprogram.hu\/index.php\/wp-json\/wp\/v2\/users\/2"}],"replies":[{"embeddable":true,"href":"https:\/\/affiliate-mentorprogram.hu\/index.php\/wp-json\/wp\/v2\/comments?post=1015"}],"version-history":[{"count":21,"href":"https:\/\/affiliate-mentorprogram.hu\/index.php\/wp-json\/wp\/v2\/pages\/1015\/revisions"}],"predecessor-version":[{"id":3020,"href":"https:\/\/affiliate-mentorprogram.hu\/index.php\/wp-json\/wp\/v2\/pages\/1015\/revisions\/3020"}],"wp:featuredmedia":[{"embeddable":true,"href":"https:\/\/affiliate-mentorprogram.hu\/index.php\/wp-json\/wp\/v2\/media\/2122"}],"wp:attachment":[{"href":"https:\/\/affiliate-mentorprogram.hu\/index.php\/wp-json\/wp\/v2\/media?parent=1015"}],"curies":[{"name":"wp","href":"https:\/\/api.w.org\/{rel}","templated":true}]}}